{"id":106,"date":"2013-03-26T13:43:17","date_gmt":"2013-03-26T13:43:17","guid":{"rendered":"http:\/\/akson.ee\/?page_id=106"},"modified":"2020-01-13T21:09:48","modified_gmt":"2020-01-13T19:09:48","slug":"firma","status":"publish","type":"page","link":"https:\/\/AKSON.ee\/","title":{"rendered":"Home"},"content":{"rendered":"<h2>Metalli t\u00f6\u00f6tlemise turul firma\u00a0AKSON METALLIT\u00d6\u00d6D \u00dcHISTU<br \/>\npakub oma teenuseid alates 1997.a.<\/h2>\n<p>Kaks tootmistsehhi (\u00fcldpinnaga 1500 m\u00b2) on varustatud j\u00e4rgmistega seadmetega:<\/p>\n<p>&nbsp;<\/p>\n<ul>\n<li>CNC gaasil\u00f5ikamispink (4 peaga): materjali paksus 4-150mm;<\/li>\n<li>horisontaalne sisetreipink\u00a02A620F2-1;<\/li>\n<li>treipink 165 (t\u00f6\u00f6tlemise l\u00e4bim\u00f5\u00f5t kuni 1200 mm);<\/li>\n<li>treipink 1M63 (t\u00f6\u00f6tlemise l\u00e4bim\u00f5\u00f5t kuni\u00a0500mm);<\/li>\n<li>treipingid\u00a016K20, 1K62;<\/li>\n<li>sf\u00e4\u00e4r-treipink\u00a06039;<\/li>\n<li>horisontaalsed ja vertikaalsed freesimispingid\u00a0\u00a06M83, 6P13, 6M127;<\/li>\n<li>radiaalpuurpink\u00a02A55;<\/li>\n<li>t\u00f5ukepink\u00a07A420;<\/li>\n<li>hambat\u00f5ukepink\u00a0514;<\/li>\n<li>hambafreesimispink\u00a0\u00a05K32A;<\/li>\n<li>hambafreesimispink\u00a0\u00a0526;<\/li>\n<li>valts-painutamise seade, valtsimise paksus kuni 20 mm;<\/li>\n<li>giljotiinl\u00f5ikepink (paksus kuni 12\u00a0\u00a0mm);<\/li>\n<li>keevitusseadmed, poolautomaat- ja argoonkeevitus, malmi, alumiiniumi, roostevabateraste\u00a0\u00a0keevitus<\/li>\n<\/ul>\n<p>Lisaks meie firma teostab erinevaid remondi- ja ehitust\u00f6id, osutab transporditeenuseid.<\/p>\n","protected":false},"excerpt":{"rendered":"<p>Metalli t\u00f6\u00f6tlemise turul firma\u00a0AKSON METALLIT\u00d6\u00d6D \u00dcHISTU pakub oma teenuseid alates 1997.a. Kaks tootmistsehhi (\u00fcldpinnaga 1500 m\u00b2) on varustatud j\u00e4rgmistega seadmetega: &nbsp; CNC gaasil\u00f5ikamispink (4 peaga): materjali paksus 4-150mm; horisontaalne sisetreipink\u00a02A620F2-1; treipink 165 (t\u00f6\u00f6tlemise l\u00e4bim\u00f5\u00f5t kuni 1200 mm); treipink 1M63 (t\u00f6\u00f6tlemise l\u00e4bim\u00f5\u00f5t kuni\u00a0500mm); treipingid\u00a016K20, 1K62; sf\u00e4\u00e4r-treipink\u00a06039; horisontaalsed ja vertikaalsed freesimispingid\u00a0\u00a06M83, 6P13, 6M127; radiaalpuurpink\u00a02A55; t\u00f5ukepink\u00a07A420; hambat\u00f5ukepink\u00a0514; hambafreesimispink\u00a0\u00a05K32A; &hellip; <\/p>\n<p class=\"link-more\"><a href=\"https:\/\/AKSON.ee\/\" class=\"more-link\">Continue reading<span class=\"screen-reader-text\"> &#8220;Home&#8221;<\/span><\/a><\/p>\n","protected":false},"author":1,"featured_media":0,"parent":0,"menu_order":0,"comment_status":"closed","ping_status":"closed","template":"","meta":{"footnotes":""},"_links":{"self":[{"href":"https:\/\/AKSON.ee\/index.php?rest_route=\/wp\/v2\/pages\/106"}],"collection":[{"href":"https:\/\/AKSON.ee\/index.php?rest_route=\/wp\/v2\/pages"}],"about":[{"href":"https:\/\/AKSON.ee\/index.php?rest_route=\/wp\/v2\/types\/page"}],"author":[{"embeddable":true,"href":"https:\/\/AKSON.ee\/index.php?rest_route=\/wp\/v2\/users\/1"}],"replies":[{"embeddable":true,"href":"https:\/\/AKSON.ee\/index.php?rest_route=%2Fwp%2Fv2%2Fcomments&post=106"}],"version-history":[{"count":9,"href":"https:\/\/AKSON.ee\/index.php?rest_route=\/wp\/v2\/pages\/106\/revisions"}],"predecessor-version":[{"id":5794,"href":"https:\/\/AKSON.ee\/index.php?rest_route=\/wp\/v2\/pages\/106\/revisions\/5794"}],"wp:attachment":[{"href":"https:\/\/AKSON.ee\/index.php?rest_route=%2Fwp%2Fv2%2Fmedia&parent=106"}],"curies":[{"name":"wp","href":"https:\/\/api.w.org\/{rel}","templated":true}]}}