{"id":5704,"date":"2014-02-04T00:15:36","date_gmt":"2014-02-04T00:15:36","guid":{"rendered":"http:\/\/akson.ee\/?page_id=5704"},"modified":"2014-02-04T11:32:24","modified_gmt":"2014-02-04T11:32:24","slug":"kliendid","status":"publish","type":"page","link":"https:\/\/AKSON.ee\/?page_id=5704","title":{"rendered":"Kliendid"},"content":{"rendered":"<p>Meie klientidena on umbes 100 Eesti ettev\u00f5ttet, nende hulgast:<\/p>\n<p>VOPAK E.O.S. AS, KOHIMO AS, VICTORIA REPAIR GROUP O\u00dc, VESTA TERMINAL AS, NORDECON AS, ARCELOR MITTAL TALLINN O\u00dc, TALLINNA LENNUJAAM AS, NESTE EESTI AS, ALEXELA TERMINAL AS, TALLEGG AS, BALBIINO AS ja teised<\/p>\n","protected":false},"excerpt":{"rendered":"<p>Meie klientidena on umbes 100 Eesti ettev\u00f5ttet, nende hulgast: VOPAK E.O.S. AS, KOHIMO AS, VICTORIA REPAIR GROUP O\u00dc, VESTA TERMINAL AS, NORDECON AS, ARCELOR MITTAL TALLINN O\u00dc, TALLINNA LENNUJAAM AS, NESTE EESTI AS, ALEXELA TERMINAL AS, TALLEGG AS, BALBIINO AS ja teised<\/p>\n","protected":false},"author":1,"featured_media":0,"parent":0,"menu_order":0,"comment_status":"closed","ping_status":"closed","template":"","meta":{"footnotes":""},"_links":{"self":[{"href":"https:\/\/AKSON.ee\/index.php?rest_route=\/wp\/v2\/pages\/5704"}],"collection":[{"href":"https:\/\/AKSON.ee\/index.php?rest_route=\/wp\/v2\/pages"}],"about":[{"href":"https:\/\/AKSON.ee\/index.php?rest_route=\/wp\/v2\/types\/page"}],"author":[{"embeddable":true,"href":"https:\/\/AKSON.ee\/index.php?rest_route=\/wp\/v2\/users\/1"}],"replies":[{"embeddable":true,"href":"https:\/\/AKSON.ee\/index.php?rest_route=%2Fwp%2Fv2%2Fcomments&post=5704"}],"version-history":[{"count":1,"href":"https:\/\/AKSON.ee\/index.php?rest_route=\/wp\/v2\/pages\/5704\/revisions"}],"predecessor-version":[{"id":5705,"href":"https:\/\/AKSON.ee\/index.php?rest_route=\/wp\/v2\/pages\/5704\/revisions\/5705"}],"wp:attachment":[{"href":"https:\/\/AKSON.ee\/index.php?rest_route=%2Fwp%2Fv2%2Fmedia&parent=5704"}],"curies":[{"name":"wp","href":"https:\/\/api.w.org\/{rel}","templated":true}]}}